{"id":268,"date":"2023-01-04T08:10:12","date_gmt":"2023-01-04T07:10:12","guid":{"rendered":"https:\/\/arinformatique.com\/?post_type=product&#038;p=268"},"modified":"2026-03-22T09:24:41","modified_gmt":"2026-03-22T08:24:41","slug":"access-initiation","status":"publish","type":"product","link":"https:\/\/arinformatique.com\/index.php\/produit\/access-initiation\/","title":{"rendered":"Access Initiation"},"content":{"rendered":"<p>[et_pb_section fb_built=\u00a0\u00bb1&Prime; _builder_version=\u00a0\u00bb4.19.1&Prime; background_color=\u00a0\u00bb#ffffff\u00a0\u00bb width=\u00a0\u00bb100%\u00a0\u00bb max_width=\u00a0\u00bb100%\u00a0\u00bb custom_padding=\u00a0\u00bb0px||||false|false\u00a0\u00bb global_colors_info=\u00a0\u00bb{}\u00a0\u00bb][et_pb_row _builder_version=\u00a0\u00bb4.16&Prime; background_size=\u00a0\u00bbinitial\u00a0\u00bb background_position=\u00a0\u00bbtop_left\u00a0\u00bb background_repeat=\u00a0\u00bbrepeat\u00a0\u00bb width=\u00a0\u00bb100%\u00a0\u00bb custom_padding=\u00a0\u00bb0px||0px||false|false\u00a0\u00bb global_colors_info=\u00a0\u00bb{}\u00a0\u00bb][et_pb_column type=\u00a0\u00bb4_4&Prime; _builder_version=\u00a0\u00bb4.16&Prime; custom_padding=\u00a0\u00bb|||\u00a0\u00bb global_colors_info=\u00a0\u00bb{}\u00a0\u00bb custom_padding__hover=\u00a0\u00bb|||\u00a0\u00bb][et_pb_wc_breadcrumb _builder_version=\u00a0\u00bb4.16&Prime; global_colors_info=\u00a0\u00bb{}\u00a0\u00bb][\/et_pb_wc_breadcrumb][et_pb_wc_cart_notice _builder_version=\u00a0\u00bb4.16&Prime; global_colors_info=\u00a0\u00bb{}\u00a0\u00bb][\/et_pb_wc_cart_notice][et_pb_wc_title _builder_version=\u00a0\u00bb4.19.4&Prime; header_font=\u00a0\u00bb|||on|||||\u00a0\u00bb header_font_size=\u00a0\u00bb37px\u00a0\u00bb header_line_height=\u00a0\u00bb2.8em\u00a0\u00bb global_colors_info=\u00a0\u00bb{}\u00a0\u00bb][\/et_pb_wc_title][\/et_pb_column][\/et_pb_row][et_pb_row column_structure=\u00a0\u00bb1_2,1_4,1_4&Prime; _builder_version=\u00a0\u00bb4.19.1&Prime; background_size=\u00a0\u00bbinitial\u00a0\u00bb background_position=\u00a0\u00bbtop_left\u00a0\u00bb background_repeat=\u00a0\u00bbrepeat\u00a0\u00bb width=\u00a0\u00bb100%\u00a0\u00bb custom_padding=\u00a0\u00bb0px||||false|false\u00a0\u00bb global_colors_info=\u00a0\u00bb{}\u00a0\u00bb][et_pb_column type=\u00a0\u00bb1_2&Prime; _builder_version=\u00a0\u00bb4.16&Prime; custom_padding=\u00a0\u00bb|||\u00a0\u00bb global_colors_info=\u00a0\u00bb{}\u00a0\u00bb custom_padding__hover=\u00a0\u00bb|||\u00a0\u00bb][et_pb_wc_price _builder_version=\u00a0\u00bb4.19.1&Prime; global_colors_info=\u00a0\u00bb{}\u00a0\u00bb][\/et_pb_wc_price][et_pb_wc_description _builder_version=\u00a0\u00bb4.19.4&Prime; body_font_size=\u00a0\u00bb19px\u00a0\u00bb custom_margin=\u00a0\u00bb80px|-23px|||false|false\u00a0\u00bb global_colors_info=\u00a0\u00bb{}\u00a0\u00bb][\/et_pb_wc_description][\/et_pb_column][et_pb_column type=\u00a0\u00bb1_4&Prime; _builder_version=\u00a0\u00bb4.16&Prime; custom_padding=\u00a0\u00bb|||\u00a0\u00bb global_colors_info=\u00a0\u00bb{}\u00a0\u00bb custom_padding__hover=\u00a0\u00bb|||\u00a0\u00bb][\/et_pb_column][et_pb_column type=\u00a0\u00bb1_4&Prime; _builder_version=\u00a0\u00bb4.16&Prime; custom_padding=\u00a0\u00bb|||\u00a0\u00bb global_colors_info=\u00a0\u00bb{}\u00a0\u00bb custom_padding__hover=\u00a0\u00bb|||\u00a0\u00bb][et_pb_wc_images _builder_version=\u00a0\u00bb4.19.4&Prime; _module_preset=\u00a0\u00bbdefault\u00a0\u00bb global_colors_info=\u00a0\u00bb{}\u00a0\u00bb][\/et_pb_wc_images][\/et_pb_column][\/et_pb_row][et_pb_row _builder_version=\u00a0\u00bb4.19.1&Prime; background_size=\u00a0\u00bbinitial\u00a0\u00bb background_position=\u00a0\u00bbtop_left\u00a0\u00bb background_repeat=\u00a0\u00bbrepeat\u00a0\u00bb width=\u00a0\u00bb100%\u00a0\u00bb global_colors_info=\u00a0\u00bb{}\u00a0\u00bb][et_pb_column type=\u00a0\u00bb4_4&Prime; _builder_version=\u00a0\u00bb4.16&Prime; custom_padding=\u00a0\u00bb|||\u00a0\u00bb global_colors_info=\u00a0\u00bb{}\u00a0\u00bb custom_padding__hover=\u00a0\u00bb|||\u00a0\u00bb][et_pb_wc_meta product=\u00a0\u00bb225&Prime; show_tags=\u00a0\u00bboff\u00a0\u00bb _builder_version=\u00a0\u00bb4.19.1&Prime; body_font=\u00a0\u00bb|700|||||||\u00a0\u00bb body_text_color=\u00a0\u00bbrgba(255,255,255,0)\u00a0\u00bb link_text_color=\u00a0\u00bb#8e0200&Prime; link_font_size=\u00a0\u00bb13px\u00a0\u00bb link_letter_spacing=\u00a0\u00bb3px\u00a0\u00bb global_colors_info=\u00a0\u00bb{}\u00a0\u00bb][\/et_pb_wc_meta][et_pb_wc_additional_info show_title=\u00a0\u00bboff\u00a0\u00bb _builder_version=\u00a0\u00bb4.19.1&Prime; _module_preset=\u00a0\u00bbdefault\u00a0\u00bb table_background_color=\u00a0\u00bb#f7f7f7&Prime; table_custom_margin=\u00a0\u00bb0px||||false|false\u00a0\u00bb table_row_custom_padding=\u00a0\u00bb13px|48px|13px|48px|true|true\u00a0\u00bb body_font=\u00a0\u00bbPoppins||||||||\u00a0\u00bb body_text_color=\u00a0\u00bb#3d3d3d\u00a0\u00bb attribute_font=\u00a0\u00bb|600|||||||\u00a0\u00bb attribute_text_color=\u00a0\u00bb#3d3d3d\u00a0\u00bb background_color=\u00a0\u00bbRGBA(255,255,255,0)\u00a0\u00bb border_radii_table=\u00a0\u00bbon|30px|30px|30px|30px\u00a0\u00bb border_radii_table_cell=\u00a0\u00bbon||||\u00a0\u00bb global_colors_info=\u00a0\u00bb{}\u00a0\u00bb][\/et_pb_wc_additional_info][et_pb_wc_tabs active_tab_background_color=\u00a0\u00bb#FFFFFF\u00a0\u00bb inactive_tab_background_color=\u00a0\u00bb#FFFFFF\u00a0\u00bb active_tab_text_color=\u00a0\u00bb#FFFFFF\u00a0\u00bb include_tabs=\u00a0\u00bbdescription|\u00a0\u00bb _builder_version=\u00a0\u00bb4.19.1&Prime; tab_text_color=\u00a0\u00bb#FFFFFF\u00a0\u00bb tab_font_size=\u00a0\u00bb1px\u00a0\u00bb tab_letter_spacing=\u00a0\u00bb100px\u00a0\u00bb tab_line_height=\u00a0\u00bb1em\u00a0\u00bb background_color=\u00a0\u00bb#f7f7f7&Prime; width=\u00a0\u00bb100%\u00a0\u00bb border_radii=\u00a0\u00bbon|30px|30px|30px|30px\u00a0\u00bb global_colors_info=\u00a0\u00bb{}\u00a0\u00bb]\t\t\t\t\t[\/et_pb_wc_tabs][et_pb_wc_add_to_cart _builder_version=\u00a0\u00bb4.16&Prime; global_colors_info=\u00a0\u00bb{}\u00a0\u00bb][\/et_pb_wc_add_to_cart][et_pb_wc_upsells _builder_version=\u00a0\u00bb4.19.1&Prime; global_colors_info=\u00a0\u00bb{}\u00a0\u00bb][\/et_pb_wc_upsells][et_pb_wc_related_products _builder_version=\u00a0\u00bb4.16&Prime; global_colors_info=\u00a0\u00bb{}\u00a0\u00bb][\/et_pb_wc_related_products][\/et_pb_column][\/et_pb_row][\/et_pb_section]<\/p>\n","protected":false},"excerpt":{"rendered":"<p>Cette formation vous apporte une approche m\u00e9thodologique pour garantir une utilisation efficace d&rsquo;Access, comprendre la structuration d&rsquo;une base de donn\u00e9es relationnelle et utiliser avec m\u00e9thode les diff\u00e9rents outils.<\/p>\n","protected":false},"featured_media":269,"template":"","meta":{"_et_pb_use_builder":"on","_et_pb_old_content":"Access vous permet de cr\u00e9er facilement des applications professionnelles de z\u00e9ro ou en utilisant un mod\u00e8le. Gr\u00e2ce \u00e0 ses outils de conception riches et intuitifs, Access vous aide \u00e0 cr\u00e9er des applications attrayantes et hautement fonctionnelles en un temps record.\r\n\r\n<strong>Notre formation Access vous permettra de de de vous initier dans l'utilisation du logiciel:<\/strong>\r\n\r\nD\u00e9couvrir l'interface du logiciel\r\n\u2022D\u00e9couvrir les \u00e9l\u00e9ments de l\u2019\u00e9cran et les diff\u00e9rents modes\r\nd\u2019affichage\r\n\u2022Comprendre l\u2019ergonomie du Ruban\r\nEnregistrer et g\u00e9rer les fichiers (documents)\r\n\u2022Cr\u00e9er de nouveaux documents\r\n\u2022Enregistrer et classer efficacement ses documents\r\n\u2022Acc\u00e9der aux documents existants en navigant ais\u00e9ment dans\r\nles dossiers\r\nSaisir et modifier un texte\r\n\u2022Appliquer les r\u00e8gles de saisie\r\n\u2022V\u00e9rifier, corriger et r\u00e9organiser le texte\r\n\u2022Se d\u00e9placer rapidement\r\n\u2022Effectuer des s\u00e9lections efficaces\r\nR\u00e9aliser un document simple\r\n\u2022Mettre en valeur les caract\u00e8res\r\n\u2022Modifier la pr\u00e9sentation des paragraphes (alignement,\r\nretraits et espacement)\r\n\u2022Ins\u00e9rer des listes \u00e0 puces ou num\u00e9rot\u00e9es\r\n\u2022Enrichir des titres par l\u2019encadrement\r\n\u2022G\u00e9rer les sauts de page\r\n\u2022Ajouter un en-t\u00eate et pied de page avec une num\u00e9rotation\r\nMettre en page et imprimer\r\n\u2022Pr\u00e9visualiser ses documents avant de les imprimer\r\n\u2022Adapter les marges et l\u2019orientation du papier\r\n\u2022Param\u00e9trer l\u2019impression\r\n\u00c9laborer un document enrichi\r\nComprendre le principe d\u2019utilisation des tabulations\r\n\u2022Choisir, poser, d\u00e9placer et supprimer les taquets de tabulation\r\n\u2022M\u00e9moriser et ins\u00e9rer des Quick Parts (des \u00e9l\u00e9ments\r\nr\u00e9utilisables : formules de politesse, logos, blocs d\u2019adresses,\r\nen-t\u00eate et pied de page\u2026)\r\nR\u00e9aliser un tableau\r\n\u2022Cr\u00e9er et modifier un tableau\r\n\u2022Mettre en forme\r\n\u2022Utiliser les mises en forme pr\u00e9\u00e9tablies\r\nInsertion et gestion des images\r\n\u2022Ins\u00e9rer une image\r\n\u2022Modifier la taille, la pr\u00e9sentation d'une image\r\n\u2022Modifier la position de l'image par rapport au texte\r\n\r\nT\u00e9l\u00e9chargez la plaquette d'informations pour voir le programme de la formation plus en d\u00e9tail...","_et_gb_content_width":""},"product_brand":[],"product_cat":[27],"product_tag":[],"class_list":{"0":"post-268","1":"product","2":"type-product","3":"status-publish","4":"has-post-thumbnail","6":"product_cat-access","8":"first","9":"instock","10":"downloadable","11":"virtual","12":"product-type-simple"},"yoast_head":"<!-- This site is optimized with the Yoast SEO plugin v27.4 - https:\/\/yoast.com\/product\/yoast-seo-wordpress\/ -->\n<title>Access Initiation - AR Informatique<\/title>\n<meta name=\"robots\" content=\"index, follow, max-snippet:-1, max-image-preview:large, max-video-preview:-1\" \/>\n<link rel=\"canonical\" href=\"https:\/\/arinformatique.com\/index.php\/produit\/access-initiation\/\" \/>\n<meta property=\"og:locale\" content=\"fr_FR\" \/>\n<meta property=\"og:type\" content=\"article\" \/>\n<meta property=\"og:title\" content=\"Access Initiation - AR Informatique\" \/>\n<meta property=\"og:description\" content=\"Cette formation vous apporte une approche m\u00e9thodologique pour garantir une utilisation efficace d&#039;Access, comprendre la structuration d&#039;une base de donn\u00e9es relationnelle et utiliser avec m\u00e9thode les diff\u00e9rents outils.\" \/>\n<meta property=\"og:url\" content=\"https:\/\/arinformatique.com\/index.php\/produit\/access-initiation\/\" \/>\n<meta property=\"og:site_name\" content=\"AR Informatique\" \/>\n<meta property=\"article:modified_time\" content=\"2026-03-22T08:24:41+00:00\" \/>\n<meta property=\"og:image\" content=\"https:\/\/arinformatique.com\/wp-content\/uploads\/2023\/01\/Initiation-3.png\" \/>\n\t<meta property=\"og:image:width\" content=\"500\" \/>\n\t<meta property=\"og:image:height\" content=\"500\" \/>\n\t<meta property=\"og:image:type\" content=\"image\/png\" \/>\n<meta name=\"twitter:card\" content=\"summary_large_image\" \/>\n<meta name=\"twitter:label1\" content=\"Dur\u00e9e de lecture estim\u00e9e\" \/>\n\t<meta name=\"twitter:data1\" content=\"3 minutes\" \/>\n<script type=\"application\/ld+json\" class=\"yoast-schema-graph\">{\"@context\":\"https:\\\/\\\/schema.org\",\"@graph\":[{\"@type\":\"WebPage\",\"@id\":\"https:\\\/\\\/arinformatique.com\\\/index.php\\\/produit\\\/access-initiation\\\/\",\"url\":\"https:\\\/\\\/arinformatique.com\\\/index.php\\\/produit\\\/access-initiation\\\/\",\"name\":\"Access Initiation - AR Informatique\",\"isPartOf\":{\"@id\":\"https:\\\/\\\/arinformatique.com\\\/#website\"},\"primaryImageOfPage\":{\"@id\":\"https:\\\/\\\/arinformatique.com\\\/index.php\\\/produit\\\/access-initiation\\\/#primaryimage\"},\"image\":{\"@id\":\"https:\\\/\\\/arinformatique.com\\\/index.php\\\/produit\\\/access-initiation\\\/#primaryimage\"},\"thumbnailUrl\":\"https:\\\/\\\/arinformatique.com\\\/wp-content\\\/uploads\\\/2023\\\/01\\\/Initiation-3.png\",\"datePublished\":\"2023-01-04T07:10:12+00:00\",\"dateModified\":\"2026-03-22T08:24:41+00:00\",\"breadcrumb\":{\"@id\":\"https:\\\/\\\/arinformatique.com\\\/index.php\\\/produit\\\/access-initiation\\\/#breadcrumb\"},\"inLanguage\":\"fr-FR\",\"potentialAction\":[{\"@type\":\"ReadAction\",\"target\":[\"https:\\\/\\\/arinformatique.com\\\/index.php\\\/produit\\\/access-initiation\\\/\"]}]},{\"@type\":\"ImageObject\",\"inLanguage\":\"fr-FR\",\"@id\":\"https:\\\/\\\/arinformatique.com\\\/index.php\\\/produit\\\/access-initiation\\\/#primaryimage\",\"url\":\"https:\\\/\\\/arinformatique.com\\\/wp-content\\\/uploads\\\/2023\\\/01\\\/Initiation-3.png\",\"contentUrl\":\"https:\\\/\\\/arinformatique.com\\\/wp-content\\\/uploads\\\/2023\\\/01\\\/Initiation-3.png\",\"width\":500,\"height\":500},{\"@type\":\"BreadcrumbList\",\"@id\":\"https:\\\/\\\/arinformatique.com\\\/index.php\\\/produit\\\/access-initiation\\\/#breadcrumb\",\"itemListElement\":[{\"@type\":\"ListItem\",\"position\":1,\"name\":\"Accueil\",\"item\":\"https:\\\/\\\/arinformatique.com\\\/\"},{\"@type\":\"ListItem\",\"position\":2,\"name\":\"Boutique\",\"item\":\"https:\\\/\\\/arinformatique.com\\\/index.php\\\/boutique\\\/\"},{\"@type\":\"ListItem\",\"position\":3,\"name\":\"Access Initiation\"}]},{\"@type\":\"WebSite\",\"@id\":\"https:\\\/\\\/arinformatique.com\\\/#website\",\"url\":\"https:\\\/\\\/arinformatique.com\\\/\",\"name\":\"AR Informatique\",\"description\":\"Formations,  d\u00e9pannage, conseils et assistance informatique \u00e0 Ostwald.\",\"publisher\":{\"@id\":\"https:\\\/\\\/arinformatique.com\\\/#organization\"},\"potentialAction\":[{\"@type\":\"SearchAction\",\"target\":{\"@type\":\"EntryPoint\",\"urlTemplate\":\"https:\\\/\\\/arinformatique.com\\\/?s={search_term_string}\"},\"query-input\":{\"@type\":\"PropertyValueSpecification\",\"valueRequired\":true,\"valueName\":\"search_term_string\"}}],\"inLanguage\":\"fr-FR\"},{\"@type\":\"Organization\",\"@id\":\"https:\\\/\\\/arinformatique.com\\\/#organization\",\"name\":\"AR Informatique\",\"url\":\"https:\\\/\\\/arinformatique.com\\\/\",\"logo\":{\"@type\":\"ImageObject\",\"inLanguage\":\"fr-FR\",\"@id\":\"https:\\\/\\\/arinformatique.com\\\/#\\\/schema\\\/logo\\\/image\\\/\",\"url\":\"https:\\\/\\\/arinformatique.com\\\/wp-content\\\/uploads\\\/2022\\\/12\\\/logo-AR-Informatique-F-1-removebg-preview.png\",\"contentUrl\":\"https:\\\/\\\/arinformatique.com\\\/wp-content\\\/uploads\\\/2022\\\/12\\\/logo-AR-Informatique-F-1-removebg-preview.png\",\"width\":695,\"height\":293,\"caption\":\"AR Informatique\"},\"image\":{\"@id\":\"https:\\\/\\\/arinformatique.com\\\/#\\\/schema\\\/logo\\\/image\\\/\"}}]}<\/script>\n<!-- \/ Yoast SEO plugin. -->","yoast_head_json":{"title":"Access Initiation - AR Informatique","robots":{"index":"index","follow":"follow","max-snippet":"max-snippet:-1","max-image-preview":"max-image-preview:large","max-video-preview":"max-video-preview:-1"},"canonical":"https:\/\/arinformatique.com\/index.php\/produit\/access-initiation\/","og_locale":"fr_FR","og_type":"article","og_title":"Access Initiation - AR Informatique","og_description":"Cette formation vous apporte une approche m\u00e9thodologique pour garantir une utilisation efficace d'Access, comprendre la structuration d'une base de donn\u00e9es relationnelle et utiliser avec m\u00e9thode les diff\u00e9rents outils.","og_url":"https:\/\/arinformatique.com\/index.php\/produit\/access-initiation\/","og_site_name":"AR Informatique","article_modified_time":"2026-03-22T08:24:41+00:00","og_image":[{"width":500,"height":500,"url":"https:\/\/arinformatique.com\/wp-content\/uploads\/2023\/01\/Initiation-3.png","type":"image\/png"}],"twitter_card":"summary_large_image","twitter_misc":{"Dur\u00e9e de lecture estim\u00e9e":"3 minutes"},"schema":{"@context":"https:\/\/schema.org","@graph":[{"@type":"WebPage","@id":"https:\/\/arinformatique.com\/index.php\/produit\/access-initiation\/","url":"https:\/\/arinformatique.com\/index.php\/produit\/access-initiation\/","name":"Access Initiation - AR Informatique","isPartOf":{"@id":"https:\/\/arinformatique.com\/#website"},"primaryImageOfPage":{"@id":"https:\/\/arinformatique.com\/index.php\/produit\/access-initiation\/#primaryimage"},"image":{"@id":"https:\/\/arinformatique.com\/index.php\/produit\/access-initiation\/#primaryimage"},"thumbnailUrl":"https:\/\/arinformatique.com\/wp-content\/uploads\/2023\/01\/Initiation-3.png","datePublished":"2023-01-04T07:10:12+00:00","dateModified":"2026-03-22T08:24:41+00:00","breadcrumb":{"@id":"https:\/\/arinformatique.com\/index.php\/produit\/access-initiation\/#breadcrumb"},"inLanguage":"fr-FR","potentialAction":[{"@type":"ReadAction","target":["https:\/\/arinformatique.com\/index.php\/produit\/access-initiation\/"]}]},{"@type":"ImageObject","inLanguage":"fr-FR","@id":"https:\/\/arinformatique.com\/index.php\/produit\/access-initiation\/#primaryimage","url":"https:\/\/arinformatique.com\/wp-content\/uploads\/2023\/01\/Initiation-3.png","contentUrl":"https:\/\/arinformatique.com\/wp-content\/uploads\/2023\/01\/Initiation-3.png","width":500,"height":500},{"@type":"BreadcrumbList","@id":"https:\/\/arinformatique.com\/index.php\/produit\/access-initiation\/#breadcrumb","itemListElement":[{"@type":"ListItem","position":1,"name":"Accueil","item":"https:\/\/arinformatique.com\/"},{"@type":"ListItem","position":2,"name":"Boutique","item":"https:\/\/arinformatique.com\/index.php\/boutique\/"},{"@type":"ListItem","position":3,"name":"Access Initiation"}]},{"@type":"WebSite","@id":"https:\/\/arinformatique.com\/#website","url":"https:\/\/arinformatique.com\/","name":"AR Informatique","description":"Formations,  d\u00e9pannage, conseils et assistance informatique \u00e0 Ostwald.","publisher":{"@id":"https:\/\/arinformatique.com\/#organization"},"potentialAction":[{"@type":"SearchAction","target":{"@type":"EntryPoint","urlTemplate":"https:\/\/arinformatique.com\/?s={search_term_string}"},"query-input":{"@type":"PropertyValueSpecification","valueRequired":true,"valueName":"search_term_string"}}],"inLanguage":"fr-FR"},{"@type":"Organization","@id":"https:\/\/arinformatique.com\/#organization","name":"AR Informatique","url":"https:\/\/arinformatique.com\/","logo":{"@type":"ImageObject","inLanguage":"fr-FR","@id":"https:\/\/arinformatique.com\/#\/schema\/logo\/image\/","url":"https:\/\/arinformatique.com\/wp-content\/uploads\/2022\/12\/logo-AR-Informatique-F-1-removebg-preview.png","contentUrl":"https:\/\/arinformatique.com\/wp-content\/uploads\/2022\/12\/logo-AR-Informatique-F-1-removebg-preview.png","width":695,"height":293,"caption":"AR Informatique"},"image":{"@id":"https:\/\/arinformatique.com\/#\/schema\/logo\/image\/"}}]}},"_links":{"self":[{"href":"https:\/\/arinformatique.com\/index.php\/wp-json\/wp\/v2\/product\/268","targetHints":{"allow":["GET"]}}],"collection":[{"href":"https:\/\/arinformatique.com\/index.php\/wp-json\/wp\/v2\/product"}],"about":[{"href":"https:\/\/arinformatique.com\/index.php\/wp-json\/wp\/v2\/types\/product"}],"wp:featuredmedia":[{"embeddable":true,"href":"https:\/\/arinformatique.com\/index.php\/wp-json\/wp\/v2\/media\/269"}],"wp:attachment":[{"href":"https:\/\/arinformatique.com\/index.php\/wp-json\/wp\/v2\/media?parent=268"}],"wp:term":[{"taxonomy":"product_brand","embeddable":true,"href":"https:\/\/arinformatique.com\/index.php\/wp-json\/wp\/v2\/product_brand?post=268"},{"taxonomy":"product_cat","embeddable":true,"href":"https:\/\/arinformatique.com\/index.php\/wp-json\/wp\/v2\/product_cat?post=268"},{"taxonomy":"product_tag","embeddable":true,"href":"https:\/\/arinformatique.com\/index.php\/wp-json\/wp\/v2\/product_tag?post=268"}],"curies":[{"name":"wp","href":"https:\/\/api.w.org\/{rel}","templated":true}]}}